{"id":1053,"date":"2022-07-13T19:06:50","date_gmt":"2022-07-13T19:06:50","guid":{"rendered":"https:\/\/hardman-security.com\/?page_id=1053"},"modified":"2025-09-10T14:39:25","modified_gmt":"2025-09-10T12:39:25","slug":"objektschutz","status":"publish","type":"page","link":"https:\/\/hardman-security.com\/en\/objektschutz\/","title":{"rendered":"Property protection &amp; plant security"},"content":{"rendered":"<p><div class=\"fusion-fullwidth fullwidth-box fusion-builder-row-1 fusion-flex-container has-pattern-background has-mask-background nonhundred-percent-fullwidth non-hundred-percent-height-scrolling\" style=\"--awb-border-radius-top-left:0px;--awb-border-radius-top-right:0px;--awb-border-radius-bottom-right:0px;--awb-border-radius-bottom-left:0px;\" ><div class=\"fusion-builder-row fusion-row fusion-flex-align-items-flex-start\" style=\"max-width:1414.4px;margin-left: calc(-4% \/ 2 );margin-right: calc(-4% \/ 2 );\"><div class=\"fusion-layout-column fusion_builder_column fusion-builder-column-0 fusion_builder_column_1_1 1_1 fusion-flex-column\" style=\"--awb-padding-top:221px;--awb-padding-bottom:146px;--awb-overflow:hidden;--awb-bg-position:center top;--awb-bg-size:cover;--awb-border-radius:12px 12px 12px 12px;--awb-width-large:100%;--awb-spacing-right-large:1.92%;--awb-margin-bottom-large:0px;--awb-spacing-left-large:1.92%;--awb-width-medium:100%;--awb-order-medium:0;--awb-spacing-right-medium:1.92%;--awb-spacing-left-medium:1.92%;--awb-width-small:100%;--awb-order-small:0;--awb-spacing-right-small:1.92%;--awb-spacing-left-small:1.92%;\"><div class=\"fusion-column-wrapper lazyload fusion-column-has-shadow fusion-flex-justify-content-flex-start fusion-content-layout-column\" data-bg-url=\"https:\/\/hardman-security.com\/wp-content\/uploads\/2023\/02\/maennlicher-wachmann-der-im-ueberwachungsraum-arbeitet-scaled.jpg\" data-bg=\"https:\/\/hardman-security.com\/wp-content\/uploads\/2023\/02\/maennlicher-wachmann-der-im-ueberwachungsraum-arbeitet-scaled.jpg\"><div class=\"fusion-title title fusion-title-1 fusion-sep-none fusion-title-center fusion-title-text fusion-title-size-two\" style=\"--awb-text-color:var(--awb-color1);\"><h2 class=\"title-heading-center\" style=\"margin:0;\">Property protection &amp; plant security<\/h2><\/div><\/div><\/div><\/div><\/div><div class=\"fusion-fullwidth fullwidth-box fusion-builder-row-2 fusion-flex-container has-pattern-background has-mask-background nonhundred-percent-fullwidth non-hundred-percent-height-scrolling\" style=\"--awb-border-radius-top-left:0px;--awb-border-radius-top-right:0px;--awb-border-radius-bottom-right:0px;--awb-border-radius-bottom-left:0px;--awb-margin-bottom:120px;\" ><div class=\"fusion-builder-row fusion-row fusion-flex-align-items-flex-start fusion-flex-justify-content-center\" style=\"max-width:1414.4px;margin-left: calc(-4% \/ 2 );margin-right: calc(-4% \/ 2 );\"><div class=\"fusion-layout-column fusion_builder_column fusion-builder-column-1 fusion_builder_column_3_4 3_4 fusion-flex-column\" style=\"--awb-bg-size:cover;--awb-width-large:75%;--awb-spacing-right-large:2.56%;--awb-margin-bottom-large:0px;--awb-spacing-left-large:2.56%;--awb-width-medium:75%;--awb-order-medium:0;--awb-spacing-right-medium:2.56%;--awb-spacing-left-medium:2.56%;--awb-width-small:100%;--awb-order-small:0;--awb-spacing-right-small:1.92%;--awb-spacing-left-small:1.92%;\"><div class=\"fusion-column-wrapper fusion-column-has-shadow fusion-flex-justify-content-flex-start fusion-content-layout-column\"><div class=\"fusion-text fusion-text-1 fusion-text-no-margin\" style=\"--awb-content-alignment:center;--awb-font-size:20px;--awb-text-color:var(--awb-color8);--awb-margin-top:60px;--awb-margin-bottom:40px;\"><p>Protection and service of companies; facilities such as military bases; company premises and large office complexes are only a fraction of our security services.<\/p>\n<p>Zuverl\u00e4ssig gesch\u00fctzt, rund um die Uhr, oder zu festgelegten Zeiten. Sie wollen Gefahren von Ihren Betriebsgel\u00e4nden oder Industrieanlagen abwenden? Mitarbeiter im Unternehmen sichern und zudem Risiken oder Fehlfunktionen minimieren? Unser HB &amp; Hardman Sicherheitsteam wird f\u00fcr Sie Tag und Nacht zur Verf\u00fcgung stehen. Qualifiziertes Personal das z.B. auch vor Krankenh\u00e4usern, im Einzelhandel oder im \u00f6ffentlichen Personenverkehr f\u00fcr Schutz und Sicherheit sorgt.<\/p>\n<\/div><div style=\"text-align:center;\"><a class=\"fusion-button button-flat fusion-button-default-size button-default fusion-button-default button-1 fusion-button-default-span fusion-button-default-type\" target=\"_self\" href=\"https:\/\/hardman-security.com\/en\/#kontakt\"><span class=\"fusion-button-text\">Contact<\/span><\/a><\/div><\/div><\/div><\/div><\/div><\/p>","protected":false},"excerpt":{"rendered":"","protected":false},"author":2,"featured_media":0,"parent":0,"menu_order":0,"comment_status":"closed","ping_status":"closed","template":"100-width.php","meta":[],"_links":{"self":[{"href":"https:\/\/hardman-security.com\/en\/wp-json\/wp\/v2\/pages\/1053"}],"collection":[{"href":"https:\/\/hardman-security.com\/en\/wp-json\/wp\/v2\/pages"}],"about":[{"href":"https:\/\/hardman-security.com\/en\/wp-json\/wp\/v2\/types\/page"}],"author":[{"embeddable":true,"href":"https:\/\/hardman-security.com\/en\/wp-json\/wp\/v2\/users\/2"}],"replies":[{"embeddable":true,"href":"https:\/\/hardman-security.com\/en\/wp-json\/wp\/v2\/comments?post=1053"}],"version-history":[{"count":10,"href":"https:\/\/hardman-security.com\/en\/wp-json\/wp\/v2\/pages\/1053\/revisions"}],"predecessor-version":[{"id":2417,"href":"https:\/\/hardman-security.com\/en\/wp-json\/wp\/v2\/pages\/1053\/revisions\/2417"}],"wp:attachment":[{"href":"https:\/\/hardman-security.com\/en\/wp-json\/wp\/v2\/media?parent=1053"}],"curies":[{"name":"wp","href":"https:\/\/api.w.org\/{rel}","templated":true}]}}