{"id":2076,"date":"2023-01-30T12:59:45","date_gmt":"2023-01-30T11:59:45","guid":{"rendered":"https:\/\/hardman-security.com\/?page_id=2076"},"modified":"2025-09-10T14:39:34","modified_gmt":"2025-09-10T12:39:34","slug":"personenschutz","status":"publish","type":"page","link":"https:\/\/hardman-security.com\/en\/personenschutz\/","title":{"rendered":"Personal Security &amp; Escort"},"content":{"rendered":"<p><div class=\"fusion-fullwidth fullwidth-box fusion-builder-row-1 fusion-flex-container has-pattern-background has-mask-background nonhundred-percent-fullwidth non-hundred-percent-height-scrolling\" style=\"--awb-border-radius-top-left:0px;--awb-border-radius-top-right:0px;--awb-border-radius-bottom-right:0px;--awb-border-radius-bottom-left:0px;\" ><div class=\"fusion-builder-row fusion-row fusion-flex-align-items-flex-start\" style=\"max-width:1414.4px;margin-left: calc(-4% \/ 2 );margin-right: calc(-4% \/ 2 );\"><div class=\"fusion-layout-column fusion_builder_column fusion-builder-column-0 fusion_builder_column_1_1 1_1 fusion-flex-column\" style=\"--awb-padding-top:221px;--awb-padding-bottom:146px;--awb-overflow:hidden;--awb-bg-position:center top;--awb-bg-size:cover;--awb-border-radius:12px 12px 12px 12px;--awb-width-large:100%;--awb-spacing-right-large:1.92%;--awb-margin-bottom-large:0px;--awb-spacing-left-large:1.92%;--awb-width-medium:100%;--awb-order-medium:0;--awb-spacing-right-medium:1.92%;--awb-spacing-left-medium:1.92%;--awb-width-small:100%;--awb-order-small:0;--awb-spacing-right-small:1.92%;--awb-spacing-left-small:1.92%;\"><div class=\"fusion-column-wrapper lazyload fusion-column-has-shadow fusion-flex-justify-content-flex-start fusion-content-layout-column\" data-bg-url=\"https:\/\/hardman-security.com\/wp-content\/uploads\/2023\/02\/professioneller-service-fuer-sicherheitspersonal-scaled.jpg\" data-bg=\"https:\/\/hardman-security.com\/wp-content\/uploads\/2023\/02\/professioneller-service-fuer-sicherheitspersonal-scaled.jpg\"><div class=\"fusion-title title fusion-title-1 fusion-sep-none fusion-title-center fusion-title-text fusion-title-size-two\" style=\"--awb-text-color:var(--awb-color1);\"><h2 class=\"title-heading-center\" style=\"margin:0;\">Personal Security &amp; Escort<\/h2><\/div><\/div><\/div><\/div><\/div><div class=\"fusion-fullwidth fullwidth-box fusion-builder-row-2 fusion-flex-container has-pattern-background has-mask-background nonhundred-percent-fullwidth non-hundred-percent-height-scrolling\" style=\"--awb-border-radius-top-left:0px;--awb-border-radius-top-right:0px;--awb-border-radius-bottom-right:0px;--awb-border-radius-bottom-left:0px;--awb-margin-bottom:120px;\" ><div class=\"fusion-builder-row fusion-row fusion-flex-align-items-flex-start fusion-flex-justify-content-center\" style=\"max-width:1414.4px;margin-left: calc(-4% \/ 2 );margin-right: calc(-4% \/ 2 );\"><div class=\"fusion-layout-column fusion_builder_column fusion-builder-column-1 fusion_builder_column_3_4 3_4 fusion-flex-column\" style=\"--awb-bg-size:cover;--awb-width-large:75%;--awb-spacing-right-large:2.56%;--awb-margin-bottom-large:0px;--awb-spacing-left-large:2.56%;--awb-width-medium:75%;--awb-order-medium:0;--awb-spacing-right-medium:2.56%;--awb-spacing-left-medium:2.56%;--awb-width-small:100%;--awb-order-small:0;--awb-spacing-right-small:1.92%;--awb-spacing-left-small:1.92%;\"><div class=\"fusion-column-wrapper fusion-column-has-shadow fusion-flex-justify-content-flex-start fusion-content-layout-column\"><div class=\"fusion-text fusion-text-1 fusion-text-no-margin\" style=\"--awb-content-alignment:center;--awb-font-size:20px;--awb-text-color:var(--awb-color8);--awb-margin-top:60px;--awb-margin-bottom:40px;\"><div class=\"elementor-element elementor-element-1c9c8876 elementor-widget elementor-widget-text-editor\" data-id=\"1c9c8876\" data-element_type=\"widget\" data-widget_type=\"text-editor.default\">\n<div class=\"elementor-widget-container\">\n<div class=\"elementor-text-editor elementor-clearfix\">\n<p>People from many different professional backgrounds, such as entertainment or politics, are often the focus of public attention.<\/p>\n<p>Ihnen und den Menschen, die Ihnen sehr wichtig und lieb sind, eine Sicherheit zu gew\u00e4hrleisten, ist der Anspruch der Personensch\u00fctzer unseres HB &amp; Hardman Sicherheitsdienst. Im Vorfeld f\u00fchren wir eine Gef\u00e4hrdungs- und Schwachstellenanalyse durch und erstellen Ihnen einen ma\u00dfgeschneiderten Sicherheitsplan. Ziel ist es, lhre Sicherheit zu gew\u00e4hrleisten, ohne Sie in lhrem t\u00e4glichen Leben mehr als n\u00f6tig einzuschr\u00e4nken.<\/p>\n<\/div>\n<\/div>\n<\/div>\n<div class=\"elementor-element elementor-element-25dd4c0 elementor-widget elementor-widget-heading\" data-id=\"25dd4c0\" data-element_type=\"widget\" data-widget_type=\"heading.default\">\n<div class=\"elementor-widget-container\">\n<h5 class=\"elementor-heading-title elementor-size-default fusion-responsive-typography-calculated\" style=\"--fontsize: 20; line-height: 1.1; --minfontsize: 20;\" data-fontsize=\"20\" data-lineheight=\"22px\">SERVICE-INFORMATIONEN<\/h5>\n<\/div>\n<\/div>\n<div class=\"elementor-element elementor-element-7ab1486 elementor-widget elementor-widget-text-editor\" data-id=\"7ab1486\" data-element_type=\"widget\" data-widget_type=\"text-editor.default\">\n<div class=\"elementor-widget-container\">\n<div class=\"elementor-text-editor elementor-clearfix\">\n<p>We have a complete package for all types of events - from sporting events to large festivals and political events. State-of-the-art technology and qualified security staff provide round-the-clock protection.<\/p>\n<\/div>\n<\/div>\n<\/div>\n<\/div><div style=\"text-align:center;\"><a class=\"fusion-button button-flat fusion-button-default-size button-default fusion-button-default button-1 fusion-button-default-span fusion-button-default-type\" target=\"_self\" href=\"https:\/\/hardman-security.com\/en\/#kontakt\"><span class=\"fusion-button-text\">Contact<\/span><\/a><\/div><\/div><\/div><\/div><\/div><\/p>","protected":false},"excerpt":{"rendered":"","protected":false},"author":2,"featured_media":0,"parent":0,"menu_order":0,"comment_status":"closed","ping_status":"closed","template":"100-width.php","meta":[],"_links":{"self":[{"href":"https:\/\/hardman-security.com\/en\/wp-json\/wp\/v2\/pages\/2076"}],"collection":[{"href":"https:\/\/hardman-security.com\/en\/wp-json\/wp\/v2\/pages"}],"about":[{"href":"https:\/\/hardman-security.com\/en\/wp-json\/wp\/v2\/types\/page"}],"author":[{"embeddable":true,"href":"https:\/\/hardman-security.com\/en\/wp-json\/wp\/v2\/users\/2"}],"replies":[{"embeddable":true,"href":"https:\/\/hardman-security.com\/en\/wp-json\/wp\/v2\/comments?post=2076"}],"version-history":[{"count":10,"href":"https:\/\/hardman-security.com\/en\/wp-json\/wp\/v2\/pages\/2076\/revisions"}],"predecessor-version":[{"id":2418,"href":"https:\/\/hardman-security.com\/en\/wp-json\/wp\/v2\/pages\/2076\/revisions\/2418"}],"wp:attachment":[{"href":"https:\/\/hardman-security.com\/en\/wp-json\/wp\/v2\/media?parent=2076"}],"curies":[{"name":"wp","href":"https:\/\/api.w.org\/{rel}","templated":true}]}}