{"id":2206,"date":"2023-03-06T10:43:58","date_gmt":"2023-03-06T09:43:58","guid":{"rendered":"https:\/\/hardman-security.com\/?page_id=2206"},"modified":"2026-04-13T05:25:40","modified_gmt":"2026-04-13T03:25:40","slug":"impressum","status":"publish","type":"page","link":"https:\/\/hardman-security.com\/en\/impressum\/","title":{"rendered":"Imprint"},"content":{"rendered":"<p><div class=\"fusion-fullwidth fullwidth-box fusion-builder-row-1 fusion-flex-container has-pattern-background has-mask-background nonhundred-percent-fullwidth non-hundred-percent-height-scrolling\" style=\"--awb-border-radius-top-left:0px;--awb-border-radius-top-right:0px;--awb-border-radius-bottom-right:0px;--awb-border-radius-bottom-left:0px;\" ><div class=\"fusion-builder-row fusion-row fusion-flex-align-items-flex-start\" style=\"max-width:1414.4px;margin-left: calc(-4% \/ 2 );margin-right: calc(-4% \/ 2 );\"><div class=\"fusion-layout-column fusion_builder_column fusion-builder-column-0 fusion_builder_column_1_1 1_1 fusion-flex-column\" style=\"--awb-padding-top:150px;--awb-padding-bottom:150px;--awb-overflow:hidden;--awb-bg-position:center top;--awb-bg-size:cover;--awb-border-radius:12px 12px 12px 12px;--awb-width-large:100%;--awb-spacing-right-large:1.92%;--awb-margin-bottom-large:70px;--awb-spacing-left-large:1.92%;--awb-width-medium:100%;--awb-order-medium:0;--awb-spacing-right-medium:1.92%;--awb-spacing-left-medium:1.92%;--awb-width-small:100%;--awb-order-small:0;--awb-spacing-right-small:1.92%;--awb-spacing-left-small:1.92%;\"><div class=\"fusion-column-wrapper lazyload fusion-column-has-shadow fusion-flex-justify-content-flex-start fusion-content-layout-column\" data-bg-url=\"https:\/\/hardman-security.com\/wp-content\/uploads\/2023\/02\/maennlicher-wachmann-der-im-ueberwachungsraum-arbeitet-scaled.jpg\" data-bg=\"https:\/\/hardman-security.com\/wp-content\/uploads\/2023\/02\/maennlicher-wachmann-der-im-ueberwachungsraum-arbeitet-scaled.jpg\"><div class=\"fusion-title title fusion-title-1 fusion-sep-none fusion-title-center fusion-title-text fusion-title-size-two\" style=\"--awb-text-color:var(--awb-color1);\"><h2 class=\"title-heading-center\" style=\"margin:0;\">Imprint<\/h2><\/div><\/div><\/div><\/div><\/div><div class=\"fusion-fullwidth fullwidth-box fusion-builder-row-2 fusion-flex-container has-pattern-background has-mask-background nonhundred-percent-fullwidth non-hundred-percent-height-scrolling\" style=\"--awb-border-radius-top-left:0px;--awb-border-radius-top-right:0px;--awb-border-radius-bottom-right:0px;--awb-border-radius-bottom-left:0px;--awb-margin-bottom:70px;\" ><div class=\"fusion-builder-row fusion-row fusion-flex-align-items-flex-start fusion-flex-justify-content-center\" style=\"max-width:1414.4px;margin-left: calc(-4% \/ 2 );margin-right: calc(-4% \/ 2 );\"><div class=\"fusion-layout-column fusion_builder_column fusion-builder-column-1 fusion_builder_column_2_3 2_3 fusion-flex-column\" style=\"--awb-bg-size:cover;--awb-width-large:66.6666666667%;--awb-spacing-right-large:2.88%;--awb-spacing-left-large:2.88%;--awb-width-medium:66.6666666667%;--awb-order-medium:0;--awb-spacing-right-medium:2.88%;--awb-spacing-left-medium:2.88%;--awb-width-small:100%;--awb-order-small:0;--awb-spacing-right-small:1.92%;--awb-spacing-left-small:1.92%;\"><div class=\"fusion-column-wrapper fusion-column-has-shadow fusion-flex-justify-content-flex-start fusion-content-layout-column\"><div class=\"fusion-text fusion-text-1\" style=\"--awb-font-size:14px;\"><h1 style=\"margin-top:5px; margin-bottom:5px; font-size:40px;\">Imprint<\/h1>\n<h2 style=\"margin-top:5px; margin-bottom:5px; font-size:32px;\">Angaben gem\u00e4\u00df \u00a7 5 TMG<\/h2>\n<p><strong>HB &amp; Hardman Security GmbH<\/strong><\/p>\n<h3 style=\"margin-top:5px; margin-bottom:5px; font-size:25px;\">Gesch\u00e4ftsf\u00fchrer<\/h3>\n<p>Herr Frank Harry <span style=\"letter-spacing: 0.36px; background-color: rgba(0, 0, 0, 0);\">Schnabl<\/span><\/p>\n<h3 style=\"margin-top:5px; margin-bottom:5px; font-size:25px;\">Adresse<\/h3>\n<p>\nRhenaniastra\u00dfe 104-106<br \/>\n68219 Mannheim\n<\/p>\n<h3 style=\"margin-top:5px; margin-bottom:5px; font-size:25px;\">Contact<\/h3>\n<p>\n<strong>Tel.:<\/strong> +49 621 15966601<br \/>\n<strong>E-mail:<\/strong> info@hardman-security.com\n<\/p>\n<h3 style=\"margin-top:5px; margin-bottom:5px; font-size:25px;\">Unternehmensdaten<\/h3>\n<p>\n<strong>Steuernummer:<\/strong> 38184 \/ 14458<br \/>\n<strong>Handelsregister:<\/strong> <span style=\"letter-spacing: 0.36px; background-color: rgba(0, 0, 0, 0);\">HRB 744943 | <\/span><span style=\"letter-spacing: 0.36px; background-color: rgba(0, 0, 0, 0);\">Amtsgericht Mannheim<br \/><\/span><\/p>\n<p><strong style=\"letter-spacing: 0.36px; background-color: rgba(0, 0, 0, 0);\">D-U-N-S\u00ae\ufe0f Nummer:<\/strong><span style=\"letter-spacing: 0.36px; background-color: rgba(0, 0, 0, 0);\"> 34-434-0709<\/span><\/p>\n<\/p>\n<h2 style=\"margin-top:5px; margin-bottom:5px; font-size:32px;\">Disclaimer<\/h2>\n<h3 style=\"margin-top:5px; margin-bottom:5px; font-size:25px;\">Liability for contents<\/h3>\n<p>\nAls Diensteanbieter sind wir gem\u00e4\u00df \u00a7 7 Abs.1 TMG f\u00fcr eigene Inhalte auf diesen Seiten nach den allgemeinen Gesetzen verantwortlich.<br \/>\nNach \u00a7\u00a7 8 bis 10 TMG sind wir als Diensteanbieter jedoch nicht verpflichtet, \u00fcbermittelte oder gespeicherte fremde Informationen zu \u00fcberwachen<br \/>\noder nach Umst\u00e4nden zu forschen, die auf eine rechtswidrige T\u00e4tigkeit hinweisen. Verpflichtungen zur Entfernung oder Sperrung der Nutzung<br \/>\nvon Informationen nach den allgemeinen Gesetzen bleiben hiervon unber\u00fchrt. Eine diesbez\u00fcgliche Haftung ist jedoch erst ab dem Zeitpunkt der<br \/>\nKenntnis einer konkreten Rechtsverletzung m\u00f6glich. Bei Bekanntwerden von entsprechenden Rechtsverletzungen werden wir diese Inhalte umgehend entfernen.\n<\/p>\n<h3 style=\"margin-top:5px; margin-bottom:5px; font-size:25px;\">Liability for links<\/h3>\n<p>\nUnser Angebot enth\u00e4lt Links zu externen Webseiten Dritter, auf deren Inhalte wir keinen Einfluss haben. Deshalb k\u00f6nnen wir f\u00fcr diese fremden Inhalte<br \/>\nauch keine Gew\u00e4hr \u00fcbernehmen. F\u00fcr die Inhalte der verlinkten Seiten ist stets der jeweilige Anbieter oder Betreiber der Seiten verantwortlich.<br \/>\nDie verlinkten Seiten wurden zum Zeitpunkt der Verlinkung auf m\u00f6gliche Rechtsverst\u00f6\u00dfe \u00fcberpr\u00fcft. Rechtswidrige Inhalte waren zum Zeitpunkt der<br \/>\nVerlinkung nicht erkennbar. Eine permanente inhaltliche Kontrolle der verlinkten Seiten ist jedoch ohne konkrete Anhaltspunkte einer<br \/>\nRechtsverletzung nicht zumutbar. Bei Bekanntwerden von Rechtsverletzungen werden wir derartige Links umgehend entfernen.\n<\/p>\n<h3 style=\"margin-top:5px; margin-bottom:5px; font-size:25px;\">Copyright<\/h3>\n<p>\nDie durch die Seitenbetreiber erstellten Inhalte und Werke auf diesen Seiten unterliegen dem deutschen Urheberrecht.<br \/>\nDie Vervielf\u00e4ltigung, Bearbeitung, Verbreitung und jede Art der Verwertung au\u00dferhalb der Grenzen des Urheberrechtes bed\u00fcrfen der<br \/>\nschriftlichen Zustimmung des jeweiligen Autors bzw. Erstellers. Downloads und Kopien dieser Seite sind nur f\u00fcr den privaten,<br \/>\nnicht kommerziellen Gebrauch gestattet. Soweit die Inhalte auf dieser Seite nicht vom Betreiber erstellt wurden, werden die<br \/>\nUrheberrechte Dritter beachtet. Insbesondere werden Inhalte Dritter als solche gekennzeichnet. Sollten Sie trotzdem auf eine<br \/>\nUrheberrechtsverletzung aufmerksam werden, bitten wir um einen entsprechenden Hinweis. Bei Bekanntwerden von Rechtsverletzungen<br \/>\nwerden wir derartige Inhalte umgehend entfernen.\n<\/p>\n<h2 style=\"margin-top:5px; margin-bottom:5px; font-size:32px;\">Data protection<\/h2>\n<p>\nDie Betreiber dieser Seiten nehmen den Schutz Ihrer pers\u00f6nlichen Daten sehr ernst. Wir behandeln Ihre personenbezogenen Daten<br \/>\nvertraulich und entsprechend der gesetzlichen Datenschutzvorschriften sowie dieser Datenschutzerkl\u00e4rung.<\/p>\n<\/div><\/div><\/div><\/div><\/div><\/p>","protected":false},"excerpt":{"rendered":"","protected":false},"author":2,"featured_media":0,"parent":0,"menu_order":0,"comment_status":"closed","ping_status":"closed","template":"100-width.php","meta":[],"_links":{"self":[{"href":"https:\/\/hardman-security.com\/en\/wp-json\/wp\/v2\/pages\/2206"}],"collection":[{"href":"https:\/\/hardman-security.com\/en\/wp-json\/wp\/v2\/pages"}],"about":[{"href":"https:\/\/hardman-security.com\/en\/wp-json\/wp\/v2\/types\/page"}],"author":[{"embeddable":true,"href":"https:\/\/hardman-security.com\/en\/wp-json\/wp\/v2\/users\/2"}],"replies":[{"embeddable":true,"href":"https:\/\/hardman-security.com\/en\/wp-json\/wp\/v2\/comments?post=2206"}],"version-history":[{"count":10,"href":"https:\/\/hardman-security.com\/en\/wp-json\/wp\/v2\/pages\/2206\/revisions"}],"predecessor-version":[{"id":2424,"href":"https:\/\/hardman-security.com\/en\/wp-json\/wp\/v2\/pages\/2206\/revisions\/2424"}],"wp:attachment":[{"href":"https:\/\/hardman-security.com\/en\/wp-json\/wp\/v2\/media?parent=2206"}],"curies":[{"name":"wp","href":"https:\/\/api.w.org\/{rel}","templated":true}]}}