{"id":2213,"date":"2023-03-09T09:41:03","date_gmt":"2023-03-09T08:41:03","guid":{"rendered":"https:\/\/hardman-security.com\/?page_id=2213"},"modified":"2026-04-13T05:33:12","modified_gmt":"2026-04-13T03:33:12","slug":"datenschutz","status":"publish","type":"page","link":"https:\/\/hardman-security.com\/en\/datenschutz\/","title":{"rendered":"Data protection"},"content":{"rendered":"<p><div class=\"fusion-fullwidth fullwidth-box fusion-builder-row-1 fusion-flex-container has-pattern-background has-mask-background nonhundred-percent-fullwidth non-hundred-percent-height-scrolling\" style=\"--awb-border-radius-top-left:0px;--awb-border-radius-top-right:0px;--awb-border-radius-bottom-right:0px;--awb-border-radius-bottom-left:0px;\" ><div class=\"fusion-builder-row fusion-row fusion-flex-align-items-flex-start\" style=\"max-width:1414.4px;margin-left: calc(-4% \/ 2 );margin-right: calc(-4% \/ 2 );\"><div class=\"fusion-layout-column fusion_builder_column fusion-builder-column-0 fusion_builder_column_1_1 1_1 fusion-flex-column\" style=\"--awb-padding-top:150px;--awb-padding-bottom:150px;--awb-overflow:hidden;--awb-bg-position:center top;--awb-bg-size:cover;--awb-border-radius:12px 12px 12px 12px;--awb-width-large:100%;--awb-spacing-right-large:1.92%;--awb-margin-bottom-large:70px;--awb-spacing-left-large:1.92%;--awb-width-medium:100%;--awb-order-medium:0;--awb-spacing-right-medium:1.92%;--awb-spacing-left-medium:1.92%;--awb-width-small:100%;--awb-order-small:0;--awb-spacing-right-small:1.92%;--awb-spacing-left-small:1.92%;\"><div class=\"fusion-column-wrapper lazyload fusion-column-has-shadow fusion-flex-justify-content-flex-start fusion-content-layout-column\" data-bg-url=\"https:\/\/hardman-security.com\/wp-content\/uploads\/2023\/03\/shutterstock_587373086-scaled.jpg\" data-bg=\"https:\/\/hardman-security.com\/wp-content\/uploads\/2023\/03\/shutterstock_587373086-scaled.jpg\"><div class=\"fusion-title title fusion-title-1 fusion-sep-none fusion-title-center fusion-title-text fusion-title-size-two\" style=\"--awb-text-color:var(--awb-color1);\"><h2 class=\"title-heading-center\" style=\"margin:0;\">Data protection<\/h2><\/div><\/div><\/div><\/div><\/div><div class=\"fusion-fullwidth fullwidth-box fusion-builder-row-2 fusion-flex-container has-pattern-background has-mask-background nonhundred-percent-fullwidth non-hundred-percent-height-scrolling\" style=\"--awb-border-radius-top-left:0px;--awb-border-radius-top-right:0px;--awb-border-radius-bottom-right:0px;--awb-border-radius-bottom-left:0px;--awb-margin-bottom:70px;\" ><div class=\"fusion-builder-row fusion-row fusion-flex-align-items-flex-start fusion-flex-justify-content-center\" style=\"max-width:1414.4px;margin-left: calc(-4% \/ 2 );margin-right: calc(-4% \/ 2 );\"><div class=\"fusion-layout-column fusion_builder_column fusion-builder-column-1 fusion_builder_column_2_3 2_3 fusion-flex-column\" style=\"--awb-bg-size:cover;--awb-width-large:66.6666666667%;--awb-spacing-right-large:2.88%;--awb-spacing-left-large:2.88%;--awb-width-medium:66.6666666667%;--awb-order-medium:0;--awb-spacing-right-medium:2.88%;--awb-spacing-left-medium:2.88%;--awb-width-small:100%;--awb-order-small:0;--awb-spacing-right-small:1.92%;--awb-spacing-left-small:1.92%;\"><div class=\"fusion-column-wrapper fusion-column-has-shadow fusion-flex-justify-content-flex-start fusion-content-layout-column\"><div class=\"fusion-text fusion-text-1\" style=\"--awb-font-size:14px;\"><h1 style=\"margin-top:5px; margin-bottom:5px; font-size:40px;\">Datenschutzerkl\u00e4rung<\/h1>\n<h2 style=\"margin-top:5px; margin-bottom:5px; font-size:32px;\">1. data protection at a glance<\/h2>\n<h3 style=\"margin-top:5px; margin-bottom:5px; font-size:25px;\">General notes<\/h3>\n<p>\nDie folgenden Hinweise geben einen einfachen \u00dcberblick dar\u00fcber, was mit Ihren personenbezogenen Daten passiert, wenn Sie diese Website besuchen&#8230;\n<\/p>\n<h3 style=\"margin-top:5px; margin-bottom:5px; font-size:25px;\">Data collection on this website<\/h3>\n<h3 style=\"margin-top:5px; margin-bottom:5px; font-size:25px;\">Wer ist verantwortlich?<\/h3>\n<p>\nDie Datenverarbeitung auf dieser Website erfolgt durch den Websitebetreiber. Dessen Kontaktdaten finden Sie weiter unten.\n<\/p>\n<h3 style=\"margin-top:5px; margin-bottom:5px; font-size:25px;\">How do we collect your data?<\/h3>\n<p>\nIhre Daten werden zum einen dadurch erhoben, dass Sie uns diese mitteilen&#8230;\n<\/p>\n<h3 style=\"margin-top:5px; margin-bottom:5px; font-size:25px;\">What do we use your data for?<\/h3>\n<p>\nEin Teil der Daten wird erhoben, um eine fehlerfreie Bereitstellung der Website zu gew\u00e4hrleisten&#8230;\n<\/p>\n<h3 style=\"margin-top:5px; margin-bottom:5px; font-size:25px;\">Welche Rechte haben Sie?<\/h3>\n<p>\nSie haben jederzeit das Recht auf Auskunft, Berichtigung oder L\u00f6schung Ihrer Daten&#8230;\n<\/p>\n<h2 style=\"margin-top:5px; margin-bottom:5px; font-size:32px;\">2. Hosting und CDN<\/h2>\n<h3 style=\"margin-top:5px; margin-bottom:5px; font-size:25px;\">External hosting<\/h3>\n<p>\nDiese Website wird bei einem externen Dienstleister gehostet&#8230;\n<\/p>\n<p><strong>Hoster:<\/strong><br \/>\n1&#038;1 IONOS SE<br \/>\nElgendorfer Str. 57<br \/>\n56410 Montabaur\n<\/p>\n<h2 style=\"margin-top:5px; margin-bottom:5px; font-size:32px;\">3. Allgemeine Hinweise und Pflichtinformationen<\/h2>\n<h3 style=\"margin-top:5px; margin-bottom:5px; font-size:25px;\">Data protection<\/h3>\n<p>\nDie Betreiber dieser Seiten nehmen den Schutz Ihrer pers\u00f6nlichen Daten sehr ernst&#8230;\n<\/p>\n<h3 style=\"margin-top:5px; margin-bottom:5px; font-size:25px;\">Verantwortliche Stelle<\/h3>\n<p>\n<strong>HB &#038; Hardman Security GmbH<\/strong><br \/>\nGesch\u00e4ftsf\u00fchrer: Herr Frank Harry Schnabl<br \/>\nRhenaniastra\u00dfe 104-106<br \/>\n68219 Mannheim<\/p>\n<p><strong>Tel.:<\/strong> +49 62115966601<br \/>\n<strong>E-mail:<\/strong> info@hardman-security.com<\/p>\n<p><strong>Handelsregister:<\/strong> HRB 744943 | Amtsgericht Mannheim<br \/>\n<strong>Steuernummer:<\/strong> 38184 \/ 14458<br \/>\n<strong>USt-IdNr.:<\/strong> DE357043339<br \/>\n<strong>D-U-N-S\u00ae Nummer:<\/strong> 34-434-0709\n<\/p>\n<h3 style=\"margin-top:5px; margin-bottom:5px; font-size:25px;\">Storage period<\/h3>\n<p>\nSoweit innerhalb dieser Datenschutzerkl\u00e4rung keine speziellere Speicherdauer genannt wurde&#8230;\n<\/p>\n<h3 style=\"margin-top:5px; margin-bottom:5px; font-size:25px;\">Daten\u00fcbertragung in Drittstaaten<\/h3>\n<p>\nAuf unserer Website sind unter anderem Tools von Unternehmen mit Sitz in den USA eingebunden&#8230;\n<\/p>\n<h3 style=\"margin-top:5px; margin-bottom:5px; font-size:25px;\">Widerruf Ihrer Einwilligung<\/h3>\n<p>\nViele Datenverarbeitungsvorg\u00e4nge sind nur mit Ihrer ausdr\u00fccklichen Einwilligung m\u00f6glich&#8230;\n<\/p>\n<h3 style=\"margin-top:5px; margin-bottom:5px; font-size:25px;\">Widerspruchsrecht (Art. 21 DSGVO)<\/h3>\n<p>\nSie haben jederzeit das Recht, Widerspruch gegen die Verarbeitung Ihrer personenbezogenen Daten einzulegen&#8230;\n<\/p>\n<h3 style=\"margin-top:5px; margin-bottom:5px; font-size:25px;\">Beschwerderecht<\/h3>\n<p>\nIm Falle von Verst\u00f6\u00dfen gegen die DSGVO steht Ihnen ein Beschwerderecht zu&#8230;\n<\/p>\n<h3 style=\"margin-top:5px; margin-bottom:5px; font-size:25px;\">Recht auf Daten\u00fcbertragbarkeit<\/h3>\n<p>\nSie haben das Recht, Daten in einem g\u00e4ngigen Format zu erhalten&#8230;\n<\/p>\n<h3 style=\"margin-top:5px; margin-bottom:5px; font-size:25px;\">Information, deletion and correction<\/h3>\n<p>\nSie haben jederzeit das Recht auf Auskunft \u00fcber Ihre gespeicherten Daten&#8230;\n<\/p>\n<h3 style=\"margin-top:5px; margin-bottom:5px; font-size:25px;\">Einschr\u00e4nkung der Verarbeitung<\/h3>\n<p>\nSie haben das Recht, die Einschr\u00e4nkung der Verarbeitung Ihrer personenbezogenen Daten zu verlangen&#8230;\n<\/p>\n<h2 style=\"margin-top:5px; margin-bottom:5px; font-size:32px;\">4. Cookies<\/h2>\n<p>\nUnsere Internetseiten verwenden sogenannte Cookies&#8230;\n<\/p>\n<h2 style=\"margin-top:5px; margin-bottom:5px; font-size:32px;\">5. social media<\/h2>\n<h3 style=\"margin-top:5px; margin-bottom:5px; font-size:25px;\">Instagram Plugin<\/h3>\n<p>\nAuf dieser Website sind Funktionen des Dienstes Instagram eingebunden&#8230;<\/p>\n<\/div><\/div><\/div><\/div><\/div><\/p>","protected":false},"excerpt":{"rendered":"","protected":false},"author":2,"featured_media":0,"parent":0,"menu_order":0,"comment_status":"closed","ping_status":"closed","template":"100-width.php","meta":[],"_links":{"self":[{"href":"https:\/\/hardman-security.com\/en\/wp-json\/wp\/v2\/pages\/2213"}],"collection":[{"href":"https:\/\/hardman-security.com\/en\/wp-json\/wp\/v2\/pages"}],"about":[{"href":"https:\/\/hardman-security.com\/en\/wp-json\/wp\/v2\/types\/page"}],"author":[{"embeddable":true,"href":"https:\/\/hardman-security.com\/en\/wp-json\/wp\/v2\/users\/2"}],"replies":[{"embeddable":true,"href":"https:\/\/hardman-security.com\/en\/wp-json\/wp\/v2\/comments?post=2213"}],"version-history":[{"count":8,"href":"https:\/\/hardman-security.com\/en\/wp-json\/wp\/v2\/pages\/2213\/revisions"}],"predecessor-version":[{"id":2425,"href":"https:\/\/hardman-security.com\/en\/wp-json\/wp\/v2\/pages\/2213\/revisions\/2425"}],"wp:attachment":[{"href":"https:\/\/hardman-security.com\/en\/wp-json\/wp\/v2\/media?parent=2213"}],"curies":[{"name":"wp","href":"https:\/\/api.w.org\/{rel}","templated":true}]}}