{"id":2396,"date":"2025-05-08T14:27:41","date_gmt":"2025-05-08T12:27:41","guid":{"rendered":"https:\/\/hardman-security.com\/?page_id=2396"},"modified":"2025-09-10T14:39:51","modified_gmt":"2025-09-10T12:39:51","slug":"schliessanlagen-schliesssysteme","status":"publish","type":"page","link":"https:\/\/hardman-security.com\/en\/schliessanlagen-schliesssysteme\/","title":{"rendered":"Schlie\u00dfanlagen &#038; Schlie\u00dfsysteme"},"content":{"rendered":"<p><div class=\"fusion-fullwidth fullwidth-box fusion-builder-row-1 fusion-flex-container has-pattern-background has-mask-background nonhundred-percent-fullwidth non-hundred-percent-height-scrolling\" style=\"--awb-border-radius-top-left:0px;--awb-border-radius-top-right:0px;--awb-border-radius-bottom-right:0px;--awb-border-radius-bottom-left:0px;\" ><div class=\"fusion-builder-row fusion-row fusion-flex-align-items-flex-start\" style=\"max-width:1414.4px;margin-left: calc(-4% \/ 2 );margin-right: calc(-4% \/ 2 );\"><div class=\"fusion-layout-column fusion_builder_column fusion-builder-column-0 fusion_builder_column_1_1 1_1 fusion-flex-column\" style=\"--awb-padding-top:100px;--awb-padding-bottom:100px;--awb-overflow:hidden;--awb-bg-image:linear-gradient(180deg, rgba(102,102,102,0.15) 0%,rgba(34,34,34,0.7) 100%);;--awb-bg-position:center center;--awb-bg-size:cover;--awb-border-radius:12px 12px 12px 12px;--awb-width-large:100%;--awb-spacing-right-large:1.92%;--awb-margin-bottom-large:0px;--awb-spacing-left-large:1.92%;--awb-width-medium:100%;--awb-order-medium:0;--awb-spacing-right-medium:1.92%;--awb-spacing-left-medium:1.92%;--awb-width-small:100%;--awb-order-small:0;--awb-spacing-right-small:1.92%;--awb-spacing-left-small:1.92%;\"><div class=\"fusion-column-wrapper lazyload fusion-column-has-shadow fusion-flex-justify-content-flex-start fusion-content-layout-column\" data-bg-url=\"https:\/\/hardman-security.com\/wp-content\/uploads\/2025\/05\/hardman-security-2.jpg\" data-bg=\"https:\/\/hardman-security.com\/wp-content\/uploads\/2025\/05\/hardman-security-2.jpg\" data-bg-gradient=\"linear-gradient(180deg, rgba(102,102,102,0.15) 0%,rgba(34,34,34,0.7) 100%)\"><div class=\"fusion-title title fusion-title-1 fusion-sep-none fusion-title-center fusion-title-text fusion-title-size-two\" style=\"--awb-text-color:var(--awb-color1);\"><h2 class=\"title-heading-center\" style=\"font-family:&quot;Archivo&quot;;font-style:normal;font-weight:500;margin:0;\"><p class=\"ng-star-inserted\"><span class=\"ng-star-inserted\">Schlie\u00dfanlagen &amp; Schlie\u00dfsysteme \u2013 Ihr Schl\u00fcssel zu Sicherheit und Kontrolle<\/span><\/p><\/h2><\/div><\/div><\/div><\/div><\/div><div class=\"fusion-fullwidth fullwidth-box fusion-builder-row-2 fusion-flex-container has-pattern-background has-mask-background nonhundred-percent-fullwidth non-hundred-percent-height-scrolling\" style=\"--awb-border-radius-top-left:0px;--awb-border-radius-top-right:0px;--awb-border-radius-bottom-right:0px;--awb-border-radius-bottom-left:0px;--awb-padding-top:100px;--awb-padding-bottom:100px;\" ><div class=\"fusion-builder-row fusion-row fusion-flex-align-items-flex-start\" style=\"max-width:1414.4px;margin-left: calc(-4% \/ 2 );margin-right: calc(-4% \/ 2 );\"><div class=\"fusion-layout-column fusion_builder_column fusion-builder-column-1 fusion_builder_column_1_2 1_2 fusion-flex-column fusion-flex-align-self-stretch\" style=\"--awb-padding-top:100px;--awb-padding-bottom:100px;--awb-overflow:hidden;--awb-bg-image:linear-gradient(180deg, rgba(68,68,68,0.15) 0%,rgba(34,34,34,0.7) 100%);;--awb-bg-position:center center;--awb-bg-size:cover;--awb-border-radius:12px 12px 12px 12px;--awb-width-large:50%;--awb-spacing-right-large:3.84%;--awb-spacing-left-large:3.84%;--awb-width-medium:50%;--awb-order-medium:0;--awb-spacing-right-medium:3.84%;--awb-spacing-left-medium:3.84%;--awb-width-small:100%;--awb-order-small:0;--awb-spacing-right-small:1.92%;--awb-spacing-left-small:1.92%;\"><div class=\"fusion-column-wrapper lazyload fusion-column-has-shadow fusion-flex-justify-content-center fusion-content-layout-column\" data-bg-url=\"https:\/\/hardman-security.com\/wp-content\/uploads\/2025\/05\/hardman-security-3.jpg\" data-bg=\"https:\/\/hardman-security.com\/wp-content\/uploads\/2025\/05\/hardman-security-3.jpg\" data-bg-gradient=\"linear-gradient(180deg, rgba(68,68,68,0.15) 0%,rgba(34,34,34,0.7) 100%)\"><div class=\"fusion-title title fusion-title-2 fusion-sep-none fusion-title-center fusion-title-text fusion-title-size-three\" style=\"--awb-text-color:var(--awb-color1);\"><h3 class=\"title-heading-center\" style=\"margin:0;\"><p class=\"ng-star-inserted\"><span class=\"ng-star-inserted\">Schlie\u00dfanlagen &amp; Schlie\u00dfsysteme<\/span><\/p><\/h3><\/div><\/div><\/div><div class=\"fusion-layout-column fusion_builder_column fusion-builder-column-2 fusion_builder_column_1_2 1_2 fusion-flex-column fusion-flex-align-self-stretch\" style=\"--awb-bg-size:cover;--awb-width-large:50%;--awb-spacing-right-large:3.84%;--awb-spacing-left-large:3.84%;--awb-width-medium:50%;--awb-order-medium:0;--awb-spacing-right-medium:3.84%;--awb-spacing-left-medium:3.84%;--awb-width-small:100%;--awb-order-small:0;--awb-spacing-right-small:1.92%;--awb-spacing-left-small:1.92%;\"><div class=\"fusion-column-wrapper fusion-column-has-shadow fusion-flex-justify-content-center fusion-content-layout-column\"><div class=\"fusion-text fusion-text-1\"><p>Die Sicherheit Ihres Eigentums, Ihrer Daten und Ihrer Mitarbeiter beginnt an der T\u00fcr. Schlie\u00dfanlagen und Schlie\u00dfsysteme sind daher ein fundamentaler Baustein jeder effektiven Sicherheitsstrategie und bilden die erste und oft entscheidende Barriere gegen unbefugten Zutritt. Sie definieren, wer, wann und wo Zugang erh\u00e4lt und sind somit unverzichtbar f\u00fcr den Schutz von Werten und die Gew\u00e4hrleistung von Privatsph\u00e4re und Betriebssicherheit.<\/p>\n<\/div><\/div><\/div><\/div><\/div><div class=\"fusion-fullwidth fullwidth-box fusion-builder-row-3 fusion-flex-container has-pattern-background has-mask-background nonhundred-percent-fullwidth non-hundred-percent-height-scrolling\" style=\"--awb-border-radius-top-left:0px;--awb-border-radius-top-right:0px;--awb-border-radius-bottom-right:0px;--awb-border-radius-bottom-left:0px;\" ><div class=\"fusion-builder-row fusion-row fusion-flex-align-items-flex-start\" style=\"max-width:1414.4px;margin-left: calc(-4% \/ 2 );margin-right: calc(-4% \/ 2 );\"><div class=\"fusion-layout-column fusion_builder_column fusion-builder-column-3 fusion_builder_column_1_2 1_2 fusion-flex-column\" style=\"--awb-bg-size:cover;--awb-width-large:50%;--awb-spacing-right-large:3.84%;--awb-spacing-left-large:3.84%;--awb-width-medium:50%;--awb-order-medium:0;--awb-spacing-right-medium:3.84%;--awb-spacing-left-medium:3.84%;--awb-width-small:100%;--awb-order-small:0;--awb-spacing-right-small:1.92%;--awb-spacing-left-small:1.92%;\"><div class=\"fusion-column-wrapper fusion-column-has-shadow fusion-flex-justify-content-flex-start fusion-content-layout-column\"><div class=\"fusion-text fusion-text-2\"><p>Unser Angebot an Schlie\u00dfanlagen und Zutrittskontrollsystemen ist vielf\u00e4ltig und technologisch auf dem neuesten Stand. Wir setzen auf innovative L\u00f6sungen, die Komfort und Sicherheit ideal verbinden:<\/p>\n<\/div><ul style=\"--awb-line-height:30.6px;--awb-icon-width:30.6px;--awb-icon-height:30.6px;--awb-icon-margin:12.6px;--awb-content-margin:43.2px;--awb-circlecolor:var(--awb-color4);--awb-circle-yes-font-size:15.84px;\" class=\"fusion-checklist fusion-checklist-1 fusion-checklist-default type-icons\"><li class=\"fusion-li-item\" style=\"\"><span class=\"icon-wrapper circle-yes\"><i class=\"fusion-li-icon awb-icon-check\" aria-hidden=\"true\"><\/i><\/span><div class=\"fusion-li-item-content\">\n<p><span class=\"ng-star-inserted\">Mechanische Schlie\u00dfanlagen<\/span><\/p>\n<\/div><\/li><li class=\"fusion-li-item\" style=\"\"><span class=\"icon-wrapper circle-yes\"><i class=\"fusion-li-icon awb-icon-check\" aria-hidden=\"true\"><\/i><\/span><div class=\"fusion-li-item-content\">\n<p><span class=\"ng-star-inserted\">Mechatronische Schlie\u00dfsysteme<\/span><\/p>\n<\/div><\/li><li class=\"fusion-li-item\" style=\"\"><span class=\"icon-wrapper circle-yes\"><i class=\"fusion-li-icon awb-icon-check\" aria-hidden=\"true\"><\/i><\/span><div class=\"fusion-li-item-content\">\n<p><span class=\"ng-star-inserted\">Elektronische Zutrittskontrollsysteme<\/span><\/p>\n<\/div><\/li><li class=\"fusion-li-item\" style=\"\"><span class=\"icon-wrapper circle-yes\"><i class=\"fusion-li-icon awb-icon-check\" aria-hidden=\"true\"><\/i><\/span><div class=\"fusion-li-item-content\">\n<p><span class=\"ng-star-inserted\">Biometrische Zugangssysteme<\/span><\/p>\n<\/div><\/li><\/ul><\/div><\/div><div class=\"fusion-layout-column fusion_builder_column fusion-builder-column-4 fusion_builder_column_1_2 1_2 fusion-flex-column fusion-flex-align-self-stretch\" style=\"--awb-padding-top:100px;--awb-padding-bottom:100px;--awb-overflow:hidden;--awb-bg-image:linear-gradient(180deg, rgba(68,68,68,0.15) 0%,rgba(34,34,34,0.7) 100%);;--awb-bg-position:center top;--awb-bg-size:cover;--awb-border-radius:12px 12px 12px 12px;--awb-width-large:50%;--awb-spacing-right-large:3.84%;--awb-spacing-left-large:3.84%;--awb-width-medium:50%;--awb-order-medium:0;--awb-spacing-right-medium:3.84%;--awb-spacing-left-medium:3.84%;--awb-width-small:100%;--awb-order-small:0;--awb-spacing-right-small:1.92%;--awb-spacing-left-small:1.92%;\"><div class=\"fusion-column-wrapper lazyload fusion-column-has-shadow fusion-flex-justify-content-center fusion-content-layout-column\" data-bg-url=\"https:\/\/hardman-security.com\/wp-content\/uploads\/2025\/05\/hardman-security-1.jpg\" data-bg=\"https:\/\/hardman-security.com\/wp-content\/uploads\/2025\/05\/hardman-security-1.jpg\" data-bg-gradient=\"linear-gradient(180deg, rgba(68,68,68,0.15) 0%,rgba(34,34,34,0.7) 100%)\"><div class=\"fusion-title title fusion-title-3 fusion-sep-none fusion-title-center fusion-title-text fusion-title-size-three\" style=\"--awb-text-color:var(--awb-color1);\"><h3 class=\"title-heading-center\" style=\"margin:0;\"><span class=\"ng-star-inserted\">Moderne Schlie\u00dftechnik f\u00fcr jeden Anspruch<\/span><\/h3><\/div><\/div><\/div><\/div><\/div><div class=\"fusion-fullwidth fullwidth-box fusion-builder-row-4 fusion-flex-container has-pattern-background has-mask-background nonhundred-percent-fullwidth non-hundred-percent-height-scrolling\" style=\"--awb-border-radius-top-left:0px;--awb-border-radius-top-right:0px;--awb-border-radius-bottom-right:0px;--awb-border-radius-bottom-left:0px;--awb-padding-top:100px;--awb-padding-bottom:100px;\" ><div class=\"fusion-builder-row fusion-row fusion-flex-align-items-flex-start fusion-flex-justify-content-center\" style=\"max-width:1414.4px;margin-left: calc(-4% \/ 2 );margin-right: calc(-4% \/ 2 );\"><div class=\"fusion-layout-column fusion_builder_column fusion-builder-column-5 fusion_builder_column_1_2 1_2 fusion-flex-column fusion-flex-align-self-stretch\" style=\"--awb-padding-top:100px;--awb-padding-bottom:100px;--awb-overflow:hidden;--awb-bg-image:linear-gradient(180deg, rgba(68,68,68,0.15) 0%,rgba(34,34,34,0.7) 100%);;--awb-bg-position:center top;--awb-bg-size:cover;--awb-border-radius:12px 12px 12px 12px;--awb-width-large:50%;--awb-spacing-right-large:3.84%;--awb-spacing-left-large:3.84%;--awb-width-medium:50%;--awb-order-medium:0;--awb-spacing-right-medium:3.84%;--awb-spacing-left-medium:3.84%;--awb-width-small:100%;--awb-order-small:0;--awb-spacing-right-small:1.92%;--awb-spacing-left-small:1.92%;\"><div class=\"fusion-column-wrapper lazyload fusion-column-has-shadow fusion-flex-justify-content-center fusion-content-layout-column\" data-bg-url=\"https:\/\/hardman-security.com\/wp-content\/uploads\/2025\/05\/schliessanlage-hardman.jpg\" data-bg=\"https:\/\/hardman-security.com\/wp-content\/uploads\/2025\/05\/schliessanlage-hardman.jpg\" data-bg-gradient=\"linear-gradient(180deg, rgba(68,68,68,0.15) 0%,rgba(34,34,34,0.7) 100%)\"><div class=\"fusion-title title fusion-title-4 fusion-sep-none fusion-title-center fusion-title-text fusion-title-size-three\" style=\"--awb-text-color:var(--awb-color1);--awb-margin-top:150px;\"><h3 class=\"title-heading-center\" style=\"margin:0;\">Ma\u00dfgeschneiderte L\u00f6sungen<\/h3><\/div><\/div><\/div><div class=\"fusion-layout-column fusion_builder_column fusion-builder-column-6 fusion_builder_column_1_2 1_2 fusion-flex-column\" style=\"--awb-bg-size:cover;--awb-width-large:50%;--awb-spacing-right-large:3.84%;--awb-spacing-left-large:3.84%;--awb-width-medium:50%;--awb-order-medium:0;--awb-spacing-right-medium:3.84%;--awb-spacing-left-medium:3.84%;--awb-width-small:100%;--awb-order-small:0;--awb-spacing-right-small:1.92%;--awb-spacing-left-small:1.92%;\"><div class=\"fusion-column-wrapper fusion-column-has-shadow fusion-flex-justify-content-flex-start fusion-content-layout-column\"><div class=\"fusion-text fusion-text-3\"><p>Sie suchen nach einer ma\u00dfgeschneiderten L\u00f6sung, um den Zugang zu Ihren R\u00e4umlichkeiten pr\u00e4zise zu steuern und zu verwalten? Ob f\u00fcr private Wohnh\u00e4user, komplexe B\u00fcrogeb\u00e4ude, sensible Industrieanlagen, \u00f6ffentliche Einrichtungen oder spezielle Hochsicherheitsbereiche \u2013 HB &amp; Hardman Security entwickelt, plant und installiert Schlie\u00dfsysteme, die exakt auf Ihre individuellen Anforderungen und Sicherheitsbed\u00fcrfnisse zugeschnitten sind.<\/p>\n<p>Von robusten mechanischen Schlie\u00dfzylindern und komplexen Generalhauptschl\u00fcsselanlagen (GHS) \u00fcber flexible mechatronische L\u00f6sungen bis hin zu intelligenten elektronischen Zutrittskontrollsystemen mit digitaler Schl\u00fcsselverwaltung und Protokollierung \u2013 wir bieten Ihnen das gesamte Spektrum moderner Schlie\u00dftechnik. Gerne beraten wir Sie ausf\u00fchrlich und erarbeiten ein individuelles Konzept f\u00fcr optimale Sicherheit und Benutzerfreundlichkeit.<\/p>\n<\/div><\/div><\/div><\/div><\/div><div class=\"fusion-fullwidth fullwidth-box fusion-builder-row-5 fusion-flex-container has-pattern-background has-mask-background nonhundred-percent-fullwidth non-hundred-percent-height-scrolling\" style=\"--awb-border-radius-top-left:0px;--awb-border-radius-top-right:0px;--awb-border-radius-bottom-right:0px;--awb-border-radius-bottom-left:0px;\" ><div class=\"fusion-builder-row fusion-row fusion-flex-align-items-flex-start\" style=\"max-width:1414.4px;margin-left: calc(-4% \/ 2 );margin-right: calc(-4% \/ 2 );\"><div class=\"fusion-layout-column fusion_builder_column fusion-builder-column-7 fusion_builder_column_1_2 1_2 fusion-flex-column\" style=\"--awb-bg-size:cover;--awb-width-large:50%;--awb-spacing-right-large:3.84%;--awb-spacing-left-large:3.84%;--awb-width-medium:50%;--awb-order-medium:0;--awb-spacing-right-medium:3.84%;--awb-spacing-left-medium:3.84%;--awb-width-small:100%;--awb-order-small:0;--awb-spacing-right-small:1.92%;--awb-spacing-left-small:1.92%;\"><div class=\"fusion-column-wrapper fusion-column-has-shadow fusion-flex-justify-content-flex-start fusion-content-layout-column\"><div class=\"fusion-text fusion-text-4\"><p><span class=\"ng-star-inserted\">Bei HB &amp; Hardman Security erhalten Sie mehr als nur Produkte. Wir verstehen uns als Ihr Partner, der Sie von der ersten Bedarfsanalyse \u00fcber die detaillierte Planung und fachgerechte Installation bis hin zur regelm\u00e4\u00dfigen Wartung und bei Bedarf schnellen Instandsetzung begleitet. Unser Ziel ist es, Ihnen eine l\u00fcckenlose Sicherheitskette zu bieten, die Manipulationen erschwert und Ihnen jederzeit die Kontrolle \u00fcber Ihre Zug\u00e4nge erm\u00f6glicht. Die Auswahl hochwertiger Komponenten namhafter Hersteller und die Einhaltung h\u00f6chster Qualit\u00e4tsstandards bei der Montage sind f\u00fcr uns selbstverst\u00e4ndlich. Vertrauen Sie auf unsere Expertise und unser Engagement f\u00fcr Ihre Sicherheit.<\/span><\/p>\n<\/div><\/div><\/div><div class=\"fusion-layout-column fusion_builder_column fusion-builder-column-8 fusion_builder_column_1_2 1_2 fusion-flex-column fusion-flex-align-self-stretch\" style=\"--awb-padding-top:100px;--awb-padding-bottom:100px;--awb-overflow:hidden;--awb-bg-image:linear-gradient(180deg, rgba(68,68,68,0.15) 0%,rgba(34,34,34,0.7) 100%);;--awb-bg-size:cover;--awb-border-radius:12px 12px 12px 12px;--awb-width-large:50%;--awb-spacing-right-large:3.84%;--awb-spacing-left-large:3.84%;--awb-width-medium:50%;--awb-order-medium:0;--awb-spacing-right-medium:3.84%;--awb-spacing-left-medium:3.84%;--awb-width-small:100%;--awb-order-small:0;--awb-spacing-right-small:1.92%;--awb-spacing-left-small:1.92%;\"><div class=\"fusion-column-wrapper lazyload fusion-column-has-shadow fusion-flex-justify-content-center fusion-content-layout-column\" data-bg-url=\"https:\/\/hardman-security.com\/wp-content\/uploads\/2025\/05\/hardman.jpg\" data-bg=\"https:\/\/hardman-security.com\/wp-content\/uploads\/2025\/05\/hardman.jpg\" data-bg-gradient=\"linear-gradient(180deg, rgba(68,68,68,0.15) 0%,rgba(34,34,34,0.7) 100%)\"><div class=\"fusion-title title fusion-title-5 fusion-sep-none fusion-title-center fusion-title-text fusion-title-size-three\" style=\"--awb-text-color:var(--awb-color1);\"><h3 class=\"title-heading-center\" style=\"margin:0;\"><span class=\"ng-star-inserted\">Ihr Partner f\u00fcr umfassende Schlie\u00dfl\u00f6sungen<\/span><\/h3><\/div><\/div><\/div><\/div><\/div><\/p>","protected":false},"excerpt":{"rendered":"","protected":false},"author":2,"featured_media":0,"parent":0,"menu_order":0,"comment_status":"closed","ping_status":"closed","template":"100-width.php","meta":[],"_links":{"self":[{"href":"https:\/\/hardman-security.com\/en\/wp-json\/wp\/v2\/pages\/2396"}],"collection":[{"href":"https:\/\/hardman-security.com\/en\/wp-json\/wp\/v2\/pages"}],"about":[{"href":"https:\/\/hardman-security.com\/en\/wp-json\/wp\/v2\/types\/page"}],"author":[{"embeddable":true,"href":"https:\/\/hardman-security.com\/en\/wp-json\/wp\/v2\/users\/2"}],"replies":[{"embeddable":true,"href":"https:\/\/hardman-security.com\/en\/wp-json\/wp\/v2\/comments?post=2396"}],"version-history":[{"count":6,"href":"https:\/\/hardman-security.com\/en\/wp-json\/wp\/v2\/pages\/2396\/revisions"}],"predecessor-version":[{"id":2419,"href":"https:\/\/hardman-security.com\/en\/wp-json\/wp\/v2\/pages\/2396\/revisions\/2419"}],"wp:attachment":[{"href":"https:\/\/hardman-security.com\/en\/wp-json\/wp\/v2\/media?parent=2396"}],"curies":[{"name":"wp","href":"https:\/\/api.w.org\/{rel}","templated":true}]}}